{"id":11,"date":"2015-04-16T17:58:54","date_gmt":"2015-04-16T15:58:54","guid":{"rendered":"http:\/\/hausaerztinnenpraxis.de\/?page_id=11"},"modified":"2020-04-07T10:56:38","modified_gmt":"2020-04-07T08:56:38","slug":"impressum","status":"publish","type":"page","link":"https:\/\/hausaerztinnenpraxis.de\/?page_id=11","title":{"rendered":"Impressum"},"content":{"rendered":"<p><span style=\"color: #ff6600;\"><strong>Haus\u00e4rztinnenpraxis Rotenburg<\/strong><\/span><br \/>\nDr. med. Christiane Qualmann:<br \/>\nFach\u00e4rztin f\u00fcr Innere Medizin \/ Diabetologie \/ Hom\u00f6opathie<br \/>\nKyra Marx-Seidel:<br \/>\nFach\u00e4rztin f\u00fcr Allgemeinmedizin \/ Rettungsmedizin \/ Hom\u00f6opathie<br \/>\nSusanne Pilz:<br \/>\nFach\u00e4rztin f\u00fcr Innere Medizin \/ Diabetologie \u00a0 \u00a0 \u00a0 \u00a0 \u00a0 \u00a0 \u00a0 \u00a0 \u00a0 \u00a0 \u00a0 \u00a0 \u00a0 \u00a0 \u00a0 \u00a0 \u00a0 \u00a0 \u00a0 \u00a0 \u00a0 \u00a0 \u00a0 \u00a0 \u00a0 \u00a0 \u00a0\u00a0 Christine Skusa \u00a0 \u00a0 \u00a0 \u00a0 \u00a0 \u00a0 \u00a0 \u00a0 \u00a0 \u00a0 \u00a0 \u00a0 \u00a0 \u00a0 \u00a0 \u00a0 \u00a0 \u00a0 \u00a0 \u00a0 \u00a0 \u00a0 \u00a0 \u00a0 \u00a0 \u00a0 \u00a0 \u00a0 \u00a0 \u00a0 \u00a0 \u00a0 \u00a0 \u00a0 \u00a0 \u00a0 \u00a0 \u00a0 \u00a0 \u00a0 \u00a0 \u00a0 \u00a0 \u00a0 \u00a0 \u00a0 \u00a0 \u00a0 \u00a0 \u00a0 \u00a0 \u00a0 \u00a0 \u00a0 Fach\u00e4rztin f\u00fcr Allgemeinmedizin<\/p>\n<p>Gro\u00dfe Str. 56 27356 Rotenburg<br \/>\nTelefon: 0 42 61 \/ 12 05<br \/>\nTelefax: 0 42 61 \/ 85 19 19<\/p>\n<p>E-Mail: <span class=\"office-info-data\">hausaerztinnenpraxis@t-online.de<br \/>\n<\/span>Internet: www.hausaerztinnenpraxis.de<\/p>\n<p><span style=\"color: #ff6600;\"><strong>Zust\u00e4ndige Kammer<\/strong><\/span>:<br \/>\n\u00c4rztekammer Niedersachsen<br \/>\nBerliner Allee 20<br \/>\n30175 Hannover<\/p>\n<p><span style=\"color: #ff6600;\"><strong>Zust\u00e4ndige Kassen\u00e4rztliche Vereinigung:<\/strong><\/span><br \/>\nKassen\u00e4rztliche Vereinigung Niedersachsen &#8211; KVN<br \/>\nK\u00f6rperschaft des \u00f6ffentlichen Rechts<br \/>\nBerliner Allee 22<br \/>\n30175 Hannover<\/p>\n<p><strong><span style=\"color: #ff6600;\">Berufsbezeichnung:<\/span><\/strong><br \/>\nArzt (verliehen in der Bundesrepublik Deutschland)<\/p>\n<p><strong><span style=\"color: #ff6600;\">Berufsrechtliche Regelung<\/span> <\/strong><br \/>\nBerufsordnung der \u00c4rztekammer Niedersachsen<br \/>\nNieders\u00e4chsisches Kammergesetz f\u00fcr die Heilberufe<br \/>\nDie Regelungen lassen sich auf den Internetseiten der \u00c4rztekammer Niedersachsen in ihrer aktuellsten Form einsehen (<a href=\"www.aekn.de\" target=\"_blank\" rel=\"noopener noreferrer\">www.aekn.de<\/a>)<\/p>\n<p><strong><span style=\"color: #ff6600;\">Webdesign &amp; Hosting:<\/span><\/strong><br \/>\n<a href=\"http:\/\/www.first-media.eu\" target=\"_blank\" rel=\"noopener noreferrer\">First Media<\/a><\/p>\n<p><span style=\"color: #ff6600;\"><strong>Haftungshinweis:<\/strong><\/span><br \/>\nTrotz sorgf\u00e4ltiger inhaltlicher Kontrolle \u00fcbernehmen wir keine Haftung f\u00fcr die Inhalte externer Links.<br \/>\nF\u00fcr den Inhalt der verlinkten Seiten sind ausschlie\u00dflich deren Betreiber verantwortlich.<\/p>\n   ","protected":false},"excerpt":{"rendered":"<p>Haus\u00e4rztinnenpraxis Rotenburg Dr. med. Christiane Qualmann: Fach\u00e4rztin f\u00fcr Innere Medizin \/ Diabetologie \/ Hom\u00f6opathie Kyra Marx-Seidel: Fach\u00e4rztin f\u00fcr Allgemeinmedizin \/ Rettungsmedizin \/ Hom\u00f6opathie Susanne Pilz: Fach\u00e4rztin f\u00fcr Innere Medizin \/ Diabetologie \u00a0 \u00a0 \u00a0 \u00a0 \u00a0 \u00a0 \u00a0 \u00a0 \u00a0 \u00a0 \u00a0 \u00a0 \u00a0 \u00a0 \u00a0 \u00a0 \u00a0 \u00a0 \u00a0 \u00a0 \u00a0 \u00a0 \u00a0 \u00a0 [&hellip;]<\/p>\n","protected":false},"author":1,"featured_media":0,"parent":0,"menu_order":4,"comment_status":"open","ping_status":"open","template":"","meta":{"footnotes":""},"class_list":["post-11","page","type-page","status-publish","hentry"],"_links":{"self":[{"href":"https:\/\/hausaerztinnenpraxis.de\/index.php?rest_route=\/wp\/v2\/pages\/11","targetHints":{"allow":["GET"]}}],"collection":[{"href":"https:\/\/hausaerztinnenpraxis.de\/index.php?rest_route=\/wp\/v2\/pages"}],"about":[{"href":"https:\/\/hausaerztinnenpraxis.de\/index.php?rest_route=\/wp\/v2\/types\/page"}],"author":[{"embeddable":true,"href":"https:\/\/hausaerztinnenpraxis.de\/index.php?rest_route=\/wp\/v2\/users\/1"}],"replies":[{"embeddable":true,"href":"https:\/\/hausaerztinnenpraxis.de\/index.php?rest_route=%2Fwp%2Fv2%2Fcomments&post=11"}],"version-history":[{"count":9,"href":"https:\/\/hausaerztinnenpraxis.de\/index.php?rest_route=\/wp\/v2\/pages\/11\/revisions"}],"predecessor-version":[{"id":166,"href":"https:\/\/hausaerztinnenpraxis.de\/index.php?rest_route=\/wp\/v2\/pages\/11\/revisions\/166"}],"wp:attachment":[{"href":"https:\/\/hausaerztinnenpraxis.de\/index.php?rest_route=%2Fwp%2Fv2%2Fmedia&parent=11"}],"curies":[{"name":"wp","href":"https:\/\/api.w.org\/{rel}","templated":true}]}}